{"id":12,"date":"2012-02-04T11:59:51","date_gmt":"2012-02-04T11:59:51","guid":{"rendered":"http:\/\/www.kasip.de.chawachawa.org\/werner-van-treeck.de\/?page_id=12"},"modified":"2012-02-04T15:03:59","modified_gmt":"2012-02-04T15:03:59","slug":"page-2-story","status":"publish","type":"page","link":"https:\/\/www.werner-van-treeck.de\/?page_id=12","title":{"rendered":"Korruption als ver-r\u00fcckte Gemeinschaftlichkeit"},"content":{"rendered":"<p>Korruption ist \u00fcberall und allgegenw\u00e4rtig, nicht an eine bestimmte Gesellschafts- oder Herrschaftsform gebunden, \u00fcberaus variantenreich in ihren Erscheinungsformen, politisch-rechtlichen Sanktionierungen und begrifflichen Bestimmungen. In der Begriffsentwicklung von Korruption verschiebt sich die Bedeutung von einer verallgemeinerten Auffassung eines Gemeinwesens als moralisch zerr\u00fcttet zu spezifizierten Bestimmungen, etwa als Bestechung und verwandte Formen der Einflussnahme. Die Geschichte der Spezifizierung des Korruptionsbegriffs ist nicht unbedingt ein Proze\u00df wachsender Vereindeutigung, weil jede Pr\u00e4zisierung des Tatbestands noch stets zu seiner Umformung in Gestalt von Grenz\u00fcberschreitungen, Umgehungsm\u00f6glichkeiten, erweiterten oder neuen Grauzonen gef\u00fchrt hat.- Zur Erkl\u00e4rung von Korruption verfolge ich einen Ansatz ver-r\u00fcckter Gemeinschaftlichkeit: Ausgegangen wird von einem Verst\u00e4ndnis der Gesellschaftsgeschichte als Differenzierung von Gemeinschaft und Gesellschaft. Die Verschiebungen der Funktionen und Gewichte im Verh\u00e4ltnis beider sind immer wieder mit wechselseitigen \u00dcbergriffen aufeinander verbunden, die Interferenzeffekte mit prek\u00e4ren, zersetzenden Folgen f\u00fcr beide erzeugen. Zu diesen Folgen geh\u00f6rt Korruption: Gesellschaftlich zu regulierendes Handeln (etwa ein formal-rechtliches Gerichtsverfahren zur L\u00f6sung eines Konflikts oder die Orientierung an Qualifikationsanforderungen bei einer Stellenbesetzung) wird aufgrund eines Ungen\u00fcgens daran\u00a0(etwa weil die gesellschaftlichen Institutionen schwach entwickelt sind oder weil sie als formal-abstrakte personen- und situationsspezifische Erwartungen durchkreuzen) auf den operativen Spielraum von Gemeinschaft und ihre Regeln zur\u00fcckgebogen (etwa Familien- und Freundschaftsbindungen, Gaben und reziproke Verpflichtungen, Treue und Dankbarkeit etc.) Nicht der informelle Spielraum gegen\u00fcber formaler Rigidit\u00e4t ist das Problem, sondern die Dominanz\u00a0 gemeinschaftlich orientierten Handelns, das gesellschaftliche Regulationen \u00fcberformt oder gar ersetzt. Solche Ver-r\u00fcckungen k\u00f6nnen \u00fcberdies durch informelle Formalisierungen (Schlie\u00dfung, Geheimhaltung, rachef\u00f6rmige Sanktionen etc.) gesch\u00fctzt und durch Gruppenbildungen (Quasi-Familien, netzf\u00f6rmige Koalitionen, Kartelle etc.) stabilisiert werden.- Zu diesem Thema gibt es reichhaltige theoretische und empirische Materialien, die der Ausarbeitung bed\u00fcrfen.<\/p>\n","protected":false},"excerpt":{"rendered":"<p>Korruption ist \u00fcberall und allgegenw\u00e4rtig, nicht an eine bestimmte Gesellschafts- oder Herrschaftsform gebunden, \u00fcberaus variantenreich in ihren Erscheinungsformen, politisch-rechtlichen Sanktionierungen und begrifflichen Bestimmungen. In der Begriffsentwicklung von Korruption verschiebt sich die Bedeutung von einer verallgemeinerten Auffassung eines Gemeinwesens als moralisch zerr\u00fcttet zu spezifizierten Bestimmungen, etwa als Bestechung und verwandte Formen der Einflussnahme. Die Geschichte der [&hellip;]<\/p>\n","protected":false},"author":1,"featured_media":0,"parent":0,"menu_order":3,"comment_status":"open","ping_status":"closed","template":"","meta":[],"_links":{"self":[{"href":"https:\/\/www.werner-van-treeck.de\/index.php?rest_route=\/wp\/v2\/pages\/12"}],"collection":[{"href":"https:\/\/www.werner-van-treeck.de\/index.php?rest_route=\/wp\/v2\/pages"}],"about":[{"href":"https:\/\/www.werner-van-treeck.de\/index.php?rest_route=\/wp\/v2\/types\/page"}],"author":[{"embeddable":true,"href":"https:\/\/www.werner-van-treeck.de\/index.php?rest_route=\/wp\/v2\/users\/1"}],"replies":[{"embeddable":true,"href":"https:\/\/www.werner-van-treeck.de\/index.php?rest_route=%2Fwp%2Fv2%2Fcomments&post=12"}],"version-history":[{"count":4,"href":"https:\/\/www.werner-van-treeck.de\/index.php?rest_route=\/wp\/v2\/pages\/12\/revisions"}],"predecessor-version":[{"id":86,"href":"https:\/\/www.werner-van-treeck.de\/index.php?rest_route=\/wp\/v2\/pages\/12\/revisions\/86"}],"wp:attachment":[{"href":"https:\/\/www.werner-van-treeck.de\/index.php?rest_route=%2Fwp%2Fv2%2Fmedia&parent=12"}],"curies":[{"name":"wp","href":"https:\/\/api.w.org\/{rel}","templated":true}]}}